{"id":182,"date":"2021-01-29T12:55:13","date_gmt":"2021-01-29T11:55:13","guid":{"rendered":"https:\/\/raydex.pl\/?page_id=182"},"modified":"2021-01-29T12:55:13","modified_gmt":"2021-01-29T11:55:13","slug":"wspolpraca","status":"publish","type":"page","link":"https:\/\/raydex.pl\/index.php\/wspolpraca\/","title":{"rendered":"Wsp\u00f3\u0142praca"},"content":{"rendered":"\n<p>Wsp\u00f3\u0142pracujemy z wieloma firmami, instytucjami, hurtowniami i producentami g\u0142\u00f3wnie z bran\u017cy telekomunikacyjnej, teleinformatycznej, elektronicznej i elektrotechnicznej . Szeroka gama oferowanych produkt\u00f3w pozwala nam kompleksowo zaspakaja\u0107 potrzeby klient\u00f3w. Nasze kable najcz\u0119\u015bciej znajduj\u0105 odbiorc\u00f3w w\u015br\u00f3d firm dzia\u0142aj\u0105cych na rynku CATV, SMATV, HFC, TV-SAT, CCTV, ochrony i monitoringu, radiokomunikacji, WLAN, CB, GSM, sieci komputerowych, teleinformatyki, elektroniki, audio\/video, nowoczesnych instalacji budynkowych oraz tym podobnych. Zapraszamy do kooperacji na korzystnych warunkach wszystkich zainteresowanych. Produkujemy r\u00f3wnie\u017c kable na indywidualne zam\u00f3wienie wed\u0142ug specyfikacji zamawiaj\u0105cego ( OEM ) z jego nadrukami, etykietami a nawet indywidualnymi\u00a0 opakowaniami ( projekt graficzny klienta lub nasz ). Szczeg\u00f3\u0142owe warunki wsp\u00f3\u0142pracy s\u0105 najcz\u0119\u015bciej indywidualnie ustalane z naszymi odbiorcami z uwzgl\u0119dnieniem ich oczekiwa\u0144, naszych mo\u017cliwo\u015bci oraz specyfiki danej firmy i regionu. Naszym zadaniem jest tworzenie trwa\u0142ych i stabilnych stosunk\u00f3w partnerskich z naszymi kontrahentami w celu osi\u0105gni\u0119cia obustronnej satysfakcji ze wsp\u00f3\u0142pracy. Og\u00f3lne informacje na temat warunk\u00f3w wsp\u00f3\u0142pracy mo\u017cna znale\u017a\u0107 w rozdziale \u201eWsp\u00f3\u0142praca\u201d \/ \u201eWarunki wsp\u00f3\u0142pracy\u201d.<\/p>\n","protected":false},"excerpt":{"rendered":"<p>Wsp\u00f3\u0142pracujemy z wieloma firmami, instytucjami, hurtowniami i producentami g\u0142\u00f3wnie z bran\u017cy telekomunikacyjnej, teleinformatycznej, elektronicznej i elektrotechnicznej . Szeroka gama oferowanych produkt\u00f3w pozwala nam kompleksowo zaspakaja\u0107 potrzeby klient\u00f3w. Nasze kable najcz\u0119\u015bciej znajduj\u0105 odbiorc\u00f3w w\u015br\u00f3d firm dzia\u0142aj\u0105cych na rynku CATV, SMATV, HFC, TV-SAT, CCTV, ochrony i monitoringu, radiokomunikacji, WLAN, CB, GSM, sieci komputerowych, teleinformatyki, elektroniki, audio\/video, nowoczesnych &hellip; <\/p>\n<p class=\"link-more\"><a href=\"https:\/\/raydex.pl\/index.php\/wspolpraca\/\" class=\"more-link\">Czytaj dalej<span class=\"screen-reader-text\"> \u201eWsp\u00f3\u0142praca\u201d<\/span><\/a><\/p>\n","protected":false},"author":1,"featured_media":0,"parent":0,"menu_order":0,"comment_status":"closed","ping_status":"closed","template":"","meta":{"footnotes":""},"class_list":["post-182","page","type-page","status-publish","hentry"],"_links":{"self":[{"href":"https:\/\/raydex.pl\/index.php\/wp-json\/wp\/v2\/pages\/182","targetHints":{"allow":["GET"]}}],"collection":[{"href":"https:\/\/raydex.pl\/index.php\/wp-json\/wp\/v2\/pages"}],"about":[{"href":"https:\/\/raydex.pl\/index.php\/wp-json\/wp\/v2\/types\/page"}],"author":[{"embeddable":true,"href":"https:\/\/raydex.pl\/index.php\/wp-json\/wp\/v2\/users\/1"}],"replies":[{"embeddable":true,"href":"https:\/\/raydex.pl\/index.php\/wp-json\/wp\/v2\/comments?post=182"}],"version-history":[{"count":1,"href":"https:\/\/raydex.pl\/index.php\/wp-json\/wp\/v2\/pages\/182\/revisions"}],"predecessor-version":[{"id":183,"href":"https:\/\/raydex.pl\/index.php\/wp-json\/wp\/v2\/pages\/182\/revisions\/183"}],"wp:attachment":[{"href":"https:\/\/raydex.pl\/index.php\/wp-json\/wp\/v2\/media?parent=182"}],"curies":[{"name":"wp","href":"https:\/\/api.w.org\/{rel}","templated":true}]}}