{"id":191,"date":"2021-01-29T13:00:09","date_gmt":"2021-01-29T12:00:09","guid":{"rendered":"https:\/\/raydex.pl\/?page_id=191"},"modified":"2021-02-09T13:11:06","modified_gmt":"2021-02-09T12:11:06","slug":"jakosc-produktow","status":"publish","type":"page","link":"https:\/\/raydex.pl\/index.php\/jakosc-produktow\/","title":{"rendered":"Jako\u015b\u0107 produkt\u00f3w"},"content":{"rendered":"\t\t<div data-elementor-type=\"wp-page\" data-elementor-id=\"191\" class=\"elementor elementor-191\">\n\t\t\t\t\t\t\t\t\t<section class=\"elementor-section elementor-top-section elementor-element elementor-element-24469c39 elementor-section-boxed elementor-section-height-default elementor-section-height-default\" data-id=\"24469c39\" data-element_type=\"section\">\n\t\t\t\t\t\t<div class=\"elementor-container elementor-column-gap-default\">\n\t\t\t\t\t<div class=\"elementor-column elementor-col-100 elementor-top-column elementor-element elementor-element-603d41f4\" data-id=\"603d41f4\" data-element_type=\"column\">\n\t\t\t<div class=\"elementor-widget-wrap elementor-element-populated\">\n\t\t\t\t\t\t\t\t<div class=\"elementor-element elementor-element-60ef6c9 elementor-widget elementor-widget-heading\" data-id=\"60ef6c9\" data-element_type=\"widget\" data-widget_type=\"heading.default\">\n\t\t\t\t<div class=\"elementor-widget-container\">\n\t\t\t<h2 class=\"elementor-heading-title elementor-size-default\">Jako\u015b\u0107 produkt\u00f3w<\/h2>\t\t<\/div>\n\t\t\t\t<\/div>\n\t\t\t\t<div class=\"elementor-element elementor-element-501a281f elementor-widget elementor-widget-text-editor\" data-id=\"501a281f\" data-element_type=\"widget\" data-widget_type=\"text-editor.default\">\n\t\t\t\t<div class=\"elementor-widget-container\">\n\t\t\t\t\t\t\t<p><!-- wp:paragraph --><\/p>\n<p>Dok\u0142adamy wszelkich stara\u0144 aby marka RAYDEX oznacza\u0142a gwarancj\u0119 wyrob\u00f3w wysokiej klasy. Dbamy aby oferowane przez nas kable i przewody charakteryzowa\u0142y si\u0119 mo\u017cliwie najlepszymi parametrami w swojej klasie jednocze\u015bnie staraj\u0105c si\u0119 aby mia\u0142y konkurencyjne ceny.\u00a0 Naszym priorytetem jest zapewnienie odpowiedniej klasy wykonania, tak aby zapewni\u0107 wysok\u0105 jako\u015b\u0107 naszych kabli oraz jak naj\u0142atwiejszy ich monta\u017c. Du\u017co uwagi przywi\u0105zujemy r\u00f3wnie\u017c do jako\u015bci opakowa\u0144 naszych produkt\u00f3w. S\u0105 one pakowane w estetyczne i trwa\u0142e kartony, solidne, najcz\u0119\u015bciej niezwrotne szpule oraz kr\u0105\u017cki zabezpieczone foli\u0105. Opakowania musz\u0105 zapewni\u0107 bezpiecze\u0144stwo dla przewod\u00f3w podczas transportu oraz w miejscu ich instalacji a tak\u017ce u\u0142atwi\u0107 ich monta\u017c. Konstruowanie dla Pa\u0144stwa jak najlepszych produkt\u00f3w jest nasz\u0105 prawdziw\u0105 pasj\u0105.<\/p>\n<p><!-- \/wp:paragraph --><!-- wp:paragraph --><\/p>\n<p>Wi\u0119cej informacji dotycz\u0105cych oferowanych wyrob\u00f3w znajduje si\u0119 w rozdziale\u00a0<strong>\u201eprodukty\u201d<\/strong>. Mo\u017cna znale\u017a\u0107 tam karty katalogowe z dok\u0142adnymi opisami i parametrami poszczeg\u00f3lnych kabli i przewod\u00f3w\u00a0 w postaci plik\u00f3w PDF.\u00a0<\/p>\n<p><!-- \/wp:paragraph --><\/p>\t\t\t\t\t\t<\/div>\n\t\t\t\t<\/div>\n\t\t\t\t\t<\/div>\n\t\t<\/div>\n\t\t\t\t\t\t\t<\/div>\n\t\t<\/section>\n\t\t\t\t\t\t\t<\/div>\n\t\t","protected":false},"excerpt":{"rendered":"<p>Jako\u015b\u0107 produkt\u00f3w Dok\u0142adamy wszelkich stara\u0144 aby marka RAYDEX oznacza\u0142a gwarancj\u0119 wyrob\u00f3w wysokiej klasy. Dbamy aby oferowane przez nas kable i przewody charakteryzowa\u0142y si\u0119 mo\u017cliwie najlepszymi parametrami w swojej klasie jednocze\u015bnie staraj\u0105c si\u0119 aby mia\u0142y konkurencyjne ceny.\u00a0 Naszym priorytetem jest zapewnienie odpowiedniej klasy wykonania, tak aby zapewni\u0107 wysok\u0105 jako\u015b\u0107 naszych kabli oraz jak naj\u0142atwiejszy ich monta\u017c. &hellip; <\/p>\n<p class=\"link-more\"><a href=\"https:\/\/raydex.pl\/index.php\/jakosc-produktow\/\" class=\"more-link\">Czytaj dalej<span class=\"screen-reader-text\"> \u201eJako\u015b\u0107 produkt\u00f3w\u201d<\/span><\/a><\/p>\n","protected":false},"author":1,"featured_media":0,"parent":0,"menu_order":0,"comment_status":"closed","ping_status":"closed","template":"","meta":{"footnotes":""},"class_list":["post-191","page","type-page","status-publish","hentry"],"_links":{"self":[{"href":"https:\/\/raydex.pl\/index.php\/wp-json\/wp\/v2\/pages\/191","targetHints":{"allow":["GET"]}}],"collection":[{"href":"https:\/\/raydex.pl\/index.php\/wp-json\/wp\/v2\/pages"}],"about":[{"href":"https:\/\/raydex.pl\/index.php\/wp-json\/wp\/v2\/types\/page"}],"author":[{"embeddable":true,"href":"https:\/\/raydex.pl\/index.php\/wp-json\/wp\/v2\/users\/1"}],"replies":[{"embeddable":true,"href":"https:\/\/raydex.pl\/index.php\/wp-json\/wp\/v2\/comments?post=191"}],"version-history":[{"count":8,"href":"https:\/\/raydex.pl\/index.php\/wp-json\/wp\/v2\/pages\/191\/revisions"}],"predecessor-version":[{"id":529,"href":"https:\/\/raydex.pl\/index.php\/wp-json\/wp\/v2\/pages\/191\/revisions\/529"}],"wp:attachment":[{"href":"https:\/\/raydex.pl\/index.php\/wp-json\/wp\/v2\/media?parent=191"}],"curies":[{"name":"wp","href":"https:\/\/api.w.org\/{rel}","templated":true}]}}