{"id":196,"date":"2021-01-29T13:02:11","date_gmt":"2021-01-29T12:02:11","guid":{"rendered":"https:\/\/raydex.pl\/?page_id=196"},"modified":"2021-02-15T13:10:14","modified_gmt":"2021-02-15T12:10:14","slug":"warunki-wspolpracy","status":"publish","type":"page","link":"https:\/\/raydex.pl\/index.php\/warunki-wspolpracy\/","title":{"rendered":"Warunki wsp\u00f3\u0142pracy"},"content":{"rendered":"\t\t<div data-elementor-type=\"wp-page\" data-elementor-id=\"196\" class=\"elementor elementor-196\">\n\t\t\t\t\t\t\t\t\t<section class=\"elementor-section elementor-top-section elementor-element elementor-element-3ab9619c elementor-section-boxed elementor-section-height-default elementor-section-height-default\" data-id=\"3ab9619c\" data-element_type=\"section\">\n\t\t\t\t\t\t<div class=\"elementor-container elementor-column-gap-default\">\n\t\t\t\t\t<div class=\"elementor-column elementor-col-100 elementor-top-column elementor-element elementor-element-656864f6\" data-id=\"656864f6\" data-element_type=\"column\">\n\t\t\t<div class=\"elementor-widget-wrap elementor-element-populated\">\n\t\t\t\t\t\t\t\t<div class=\"elementor-element elementor-element-2cf62d1 elementor-widget elementor-widget-heading\" data-id=\"2cf62d1\" data-element_type=\"widget\" data-widget_type=\"heading.default\">\n\t\t\t\t<div class=\"elementor-widget-container\">\n\t\t\t<h2 class=\"elementor-heading-title elementor-size-default\">WARUNKI WSP\u00d3\u0141PRACY<\/h2>\t\t<\/div>\n\t\t\t\t<\/div>\n\t\t\t\t<div class=\"elementor-element elementor-element-19fe1874 elementor-widget elementor-widget-text-editor\" data-id=\"19fe1874\" data-element_type=\"widget\" data-widget_type=\"text-editor.default\">\n\t\t\t\t<div class=\"elementor-widget-container\">\n\t\t\t\t\t\t\t<!-- wp:heading --><!-- \/wp:heading --><!-- wp:paragraph -->\n<p>Stawiamy sobie za cel tworzenie trwa\u0142ych i stabilnych stosunk\u00f3w partnerskich z naszymi kontrahentami w celu osi\u0105gni\u0119cia obustronnej satysfakcji ze wsp\u00f3\u0142pracy. Szczeg\u00f3\u0142owe zasady wsp\u00f3\u0142pracy s\u0105 najcz\u0119\u015bciej indywidualnie ustalane z naszymi odbiorcami z uwzgl\u0119dnieniem ich oczekiwa\u0144, naszych mo\u017cliwo\u015bci oraz specyfiki danej firmy i regionu. Standardowo stosujemy nast\u0119puj\u0105ce zasady og\u00f3lne dla nowych klient\u00f3w :<\/p>\n<!-- \/wp:paragraph --><!-- wp:list {\"ordered\":true} -->\n<ol>\n<li>Przy rozpocz\u0119ciu wsp\u00f3\u0142pracy pierwsze 3 zakupy w firmie SATEC s\u0105\u00a0 dokonywane za got\u00f3wk\u0119 w formie pobrania przy odbiorze lub przedp\u0142aty 100% ( przelewem bankowym ) na podstawie faktury pro-forma.<\/li>\n<li>Wysy\u0142ka towaru nast\u0119puje po przes\u0142aniu e-mailem elektronicznego potwierdzenia dokonania p\u0142atno\u015bci lub po wp\u0142yni\u0119ciu przelewu na nasze konto ( nie dotyczy pobrania ).<\/li>\n<li>Wymagane s\u0105 r\u00f3wnie\u017c ni\u017cej wymienione dokumenty ( e-mailem, faksem lub poczt\u0105 ):<\/li>\n<\/ol>\n<!-- \/wp:list --><!-- wp:paragraph -->\n<p>a. wpis do ewidencji dzia\u0142alno\u015bci gospodarczej \/ ew. KRS<br \/>b. NIP<br \/>c. REGON<\/p>\n<!-- \/wp:paragraph --><!-- wp:paragraph -->\n<p>4. Koszty transportu dla zakup\u00f3w mniejszych ni\u017c 1 pe\u0142na paleta ponosi odbiorca.<\/p>\n<!-- \/wp:paragraph --><!-- wp:paragraph -->\n<p>5. Dla\u00a0wi\u0119kszych odbiorc\u00f3w ustalamy indywidualne warunki.<\/p>\n<!-- \/wp:paragraph --><!-- wp:paragraph -->\n<p>Zaopatrujemy firmy, instytucje, hurtownie, producent\u00f3w oraz inne podmioty gospodarcze, nie prowadzimy sprzeda\u017cy detalicznej.<\/p>\n<!-- \/wp:paragraph --><!-- wp:paragraph -->\n<p>Zam\u00f3wienia towaru przyjmujemy pisemnie ( poczt\u0105 elektroniczn\u0105, faksem, listem ) lub ustnie ( bezpo\u015brednio przez telefon ).<\/p>\n<!-- \/wp:paragraph --><!-- wp:paragraph -->\n<p>Informacje dotycz\u0105ce danych teleadresowych mo\u017cna znale\u017a\u0107 w rozdziale \u201eKontakt\u201d. \u00a0Po ustaleniu dost\u0119pno\u015bci i zatwierdzeniu aktualnych cen towar\u00f3w nast\u0119puje przyj\u0119ciu zam\u00f3wienia i zostaje ono potwierdzone ( poczt\u0105 elektroniczn\u0105, faksem lub ustnie przez telefon ) oraz uruchomiona procedura sprzeda\u017cy, co oznacza jego przekazanie do magazynu, bezpieczne zapakowanie towar\u00f3w, wystawienie faktury VAT oraz skierowanie do spedycji ( zewn\u0119trznej lub naszego transportu ). Dla nowych klient\u00f3w wcze\u015bniej wymagamy przes\u0142ania e-mailem elektronicznego potwierdzenia dokonania p\u0142atno\u015bci lub wp\u0142yni\u0119cia przelewu na nasze konto ( oczywi\u015bcie nie dotyczy pobrania ).<\/p>\n<!-- \/wp:paragraph --><!-- wp:paragraph -->\n<p>W zam\u00f3wieniu nale\u017cy poda\u0107 :<\/p>\n<!-- \/wp:paragraph --><!-- wp:list -->\n<ul>\n<li>rodzaj towaru ( konkretny model kabla, np. CTF-113 Tri-shield )<\/li>\n<li>ilo\u015b\u0107<\/li>\n<li>preferowane odcinki produkcyjne ( np. 100m, 200m, 500m itp. )<\/li>\n<li>miejsce dostawy ( z numerem telefonu osoby odpowiedzialnej )<\/li>\n<li>cen\u0119 netto je\u015bli zosta\u0142a uzgodniona wcze\u015bniej ( powo\u0142uj\u0105c si\u0119 na ofert\u0119 )<\/li>\n<li>oczekiwany termin dostawy<\/li>\n<\/ul>\n<!-- \/wp:list --><!-- wp:paragraph -->\n<p>Wszelkie pytania dotycz\u0105ce sk\u0142adanych zam\u00f3wie\u0144 mo\u017cna kierowa\u0107 telefonicznie lub mailowo ( dane w rozdziale \u201eKontakt\u201d).<\/p>\n<!-- \/wp:paragraph --><!-- wp:paragraph -->\n<p>Zakup\u00f3w mo\u017cna dokonywa\u0107 r\u00f3wnie\u017c bezpo\u015brednio w naszym dziale handlowym w siedzibie firmy w \u0141odzi na Al. Pi\u0142sudskiego 141 ( dok\u0142adny dojazd w rozdziale \u201eKontakt\u201d).<\/p>\n<!-- \/wp:paragraph --><!-- wp:paragraph -->\n<p>Do podawanych cen w ofertach i cennikach doliczamy obowi\u0105zuj\u0105cy podatek VAT.<\/p>\n<!-- \/wp:paragraph --><!-- wp:paragraph -->\n<p>Dostawy realizujemy w\u0142asnym transportem lub firm\u0105 spedycyjn\u0105, dzi\u0119ki czemu mo\u017cemy szybko i skutecznie reagowa\u0107 na wszelkie zapotrzebowanie naszych odbiorc\u00f3w, zar\u00f3wno tych z du\u017cych aglomeracji jak i ma\u0142ych miejscowo\u015bci. Zawsze staramy si\u0119 minimalizowa\u0107 koszty transportu ( korzystne umowy ze spedycj\u0105 , optymalne formy zapakowania, dostawy naszym transportem itp.). Odpowiednie zapasy magazynowe oraz du\u017ca r\u00f3\u017cnorodno\u015b\u0107 oferowanych odcink\u00f3w produkcyjnych pozwalaj\u0105 nam szybko realizowa\u0107 zam\u00f3wienia. Dostawy naszym transportem s\u0105 realizowane bezp\u0142atnie ( po spe\u0142nieniu odpowiednich warunk\u00f3w i uzgodnieniu z dzia\u0142em sprzeda\u017cy ), natomiast ekspresowe wysy\u0142ki spedycj\u0105 realizujemy na atrakcyjnych warunkach. Towar mo\u017cna r\u00f3wnie\u017c odbiera\u0107 bezpo\u015brednio z naszego magazynu w \u0141odzi.<\/p>\n<!-- \/wp:paragraph -->\t\t\t\t\t\t<\/div>\n\t\t\t\t<\/div>\n\t\t\t\t\t<\/div>\n\t\t<\/div>\n\t\t\t\t\t\t\t<\/div>\n\t\t<\/section>\n\t\t\t\t\t\t\t<\/div>\n\t\t","protected":false},"excerpt":{"rendered":"<p>WARUNKI WSP\u00d3\u0141PRACY Stawiamy sobie za cel tworzenie trwa\u0142ych i stabilnych stosunk\u00f3w partnerskich z naszymi kontrahentami w celu osi\u0105gni\u0119cia obustronnej satysfakcji ze wsp\u00f3\u0142pracy. Szczeg\u00f3\u0142owe zasady wsp\u00f3\u0142pracy s\u0105 najcz\u0119\u015bciej indywidualnie ustalane z naszymi odbiorcami z uwzgl\u0119dnieniem ich oczekiwa\u0144, naszych mo\u017cliwo\u015bci oraz specyfiki danej firmy i regionu. Standardowo stosujemy nast\u0119puj\u0105ce zasady og\u00f3lne dla nowych klient\u00f3w : Przy rozpocz\u0119ciu &hellip; <\/p>\n<p class=\"link-more\"><a href=\"https:\/\/raydex.pl\/index.php\/warunki-wspolpracy\/\" class=\"more-link\">Czytaj dalej<span class=\"screen-reader-text\"> \u201eWarunki wsp\u00f3\u0142pracy\u201d<\/span><\/a><\/p>\n","protected":false},"author":1,"featured_media":0,"parent":0,"menu_order":0,"comment_status":"closed","ping_status":"closed","template":"","meta":{"footnotes":""},"class_list":["post-196","page","type-page","status-publish","hentry"],"_links":{"self":[{"href":"https:\/\/raydex.pl\/index.php\/wp-json\/wp\/v2\/pages\/196","targetHints":{"allow":["GET"]}}],"collection":[{"href":"https:\/\/raydex.pl\/index.php\/wp-json\/wp\/v2\/pages"}],"about":[{"href":"https:\/\/raydex.pl\/index.php\/wp-json\/wp\/v2\/types\/page"}],"author":[{"embeddable":true,"href":"https:\/\/raydex.pl\/index.php\/wp-json\/wp\/v2\/users\/1"}],"replies":[{"embeddable":true,"href":"https:\/\/raydex.pl\/index.php\/wp-json\/wp\/v2\/comments?post=196"}],"version-history":[{"count":7,"href":"https:\/\/raydex.pl\/index.php\/wp-json\/wp\/v2\/pages\/196\/revisions"}],"predecessor-version":[{"id":612,"href":"https:\/\/raydex.pl\/index.php\/wp-json\/wp\/v2\/pages\/196\/revisions\/612"}],"wp:attachment":[{"href":"https:\/\/raydex.pl\/index.php\/wp-json\/wp\/v2\/media?parent=196"}],"curies":[{"name":"wp","href":"https:\/\/api.w.org\/{rel}","templated":true}]}}