{"id":198,"date":"2021-01-29T13:03:06","date_gmt":"2021-01-29T12:03:06","guid":{"rendered":"https:\/\/raydex.pl\/?page_id=198"},"modified":"2021-02-09T15:00:18","modified_gmt":"2021-02-09T14:00:18","slug":"zamowienia-oem","status":"publish","type":"page","link":"https:\/\/raydex.pl\/index.php\/zamowienia-oem\/","title":{"rendered":"Zam\u00f3wienia OEM"},"content":{"rendered":"\t\t<div data-elementor-type=\"wp-page\" data-elementor-id=\"198\" class=\"elementor elementor-198\">\n\t\t\t\t\t\t\t\t\t<section class=\"elementor-section elementor-top-section elementor-element elementor-element-7357e6aa elementor-section-boxed elementor-section-height-default elementor-section-height-default\" data-id=\"7357e6aa\" data-element_type=\"section\">\n\t\t\t\t\t\t<div class=\"elementor-container elementor-column-gap-default\">\n\t\t\t\t\t<div class=\"elementor-column elementor-col-100 elementor-top-column elementor-element elementor-element-4db97f17\" data-id=\"4db97f17\" data-element_type=\"column\">\n\t\t\t<div class=\"elementor-widget-wrap elementor-element-populated\">\n\t\t\t\t\t\t\t\t<div class=\"elementor-element elementor-element-96af368 elementor-widget elementor-widget-heading\" data-id=\"96af368\" data-element_type=\"widget\" data-widget_type=\"heading.default\">\n\t\t\t\t<div class=\"elementor-widget-container\">\n\t\t\t<h2 class=\"elementor-heading-title elementor-size-default\">Zam\u00f3wienia na produkty wykonane wg specyfikacji klienta ( OEM )  <\/h2>\t\t<\/div>\n\t\t\t\t<\/div>\n\t\t\t\t<div class=\"elementor-element elementor-element-212cac67 elementor-widget elementor-widget-text-editor\" data-id=\"212cac67\" data-element_type=\"widget\" data-widget_type=\"text-editor.default\">\n\t\t\t\t<div class=\"elementor-widget-container\">\n\t\t\t\t\t\t\t<p><!-- wp:paragraph --><\/p>\n<p>OEM ( Original Equipment Manufacturer ) to firma sprzedaj\u0105ca pod w\u0142asn\u0105 mark\u0105 produkty wytworzone przez inn\u0105 firm\u0119. OEM nie zawsze jest wytw\u00f3rc\u0105 ( czy producentem ), lecz cz\u0119sto tylko sprzedawc\u0105 sprz\u0119tu dla odbiorcy ko\u0144cowego, cho\u0107 bywa cz\u0119sto jego projektantem.&nbsp;<span style=\"color: var( --e-global-color-text ); font-family: var( --e-global-typography-text-font-family ), Sans-serif; font-weight: var( --e-global-typography-text-font-weight ); font-size: 1rem;\">OEM jedynie firmuje produkty, umieszcza na nich w\u0142asne logo. Nazwa OEM jest umieszczana na urz\u0105dzeniach ( w tym wypadku kablach i przewodach ) przez wytw\u00f3rc\u0119, na podstawie zawartej wcze\u015bniej umowy.<\/span><\/p>\n<p><\/p>\n<p>Proponujemy takie us\u0142ugowe wykonanie kabli pod mark\u0105 klienta z jego nadrukiem, etykiet\u0105, r\u00f3wnie\u017c w indywidualnych opakowaniach z logo odbiorcy ( projekt graficzny klienta lub nasz ). Mo\u017cemy r\u00f3wnie\u017c wyprodukowa\u0107 nietypowe kable na indywidualne zam\u00f3wienie wed\u0142ug specyfikacji zamawiaj\u0105cego ( lub zmodyfikowane wg \u017cyczenia nasze produkty ), ewentualnie nowe konstrukcje wykonane wg&nbsp; dostarczonej dokumentacji, specyfikacji lub zapotrzebowania. Zapraszamy do wsp\u00f3\u0142pracy. MOQ to najcz\u0119\u015bciej oko\u0142o 5-10-15 km w zale\u017cno\u015bci od typu kabla ( dok\u0142adn\u0105 ilo\u015b\u0107 podamy na konkretne zapytanie ). Istnieje mo\u017cliwo\u015b\u0107 realizacji sta\u0142ych dostaw takich produkt\u00f3w na podstawie harmonogramu odbior\u00f3w ( lub innych uzgodnie\u0144 ).<\/p>\n<p><!-- \/wp:paragraph --><\/p>\n<p><!-- wp:paragraph --><\/p>\n<p>Szczeg\u00f3\u0142y takiej wsp\u00f3\u0142pracy s\u0105 najcz\u0119\u015bciej indywidualnie ustalane z naszymi odbiorcami. Gwarantujemy znakomite ceny i wysokiej jako\u015bci produkty dla zam\u00f3wie\u0144 OEM. Zale\u017cy nam na tworzeniu trwa\u0142ych i stabilnych stosunk\u00f3w partnerskich z naszymi kontrahentami w celu osi\u0105gni\u0119cia obustronnych korzy\u015bci ze wsp\u00f3\u0142pracy.&nbsp;<\/p>\n<p><!-- \/wp:paragraph --><\/p>\n<p><!-- wp:paragraph --><\/p>\n<p><\/p>\n<p><!-- \/wp:paragraph --><\/p>\t\t\t\t\t\t<\/div>\n\t\t\t\t<\/div>\n\t\t\t\t<div class=\"elementor-element elementor-element-def8c60 elementor-widget elementor-widget-image\" data-id=\"def8c60\" data-element_type=\"widget\" data-widget_type=\"image.default\">\n\t\t\t\t<div class=\"elementor-widget-container\">\n\t\t\t\t\t\t\t\t\t\t\t\t\t\t\t\t<a href=\"https:\/\/raydex.pl\/wp-content\/uploads\/2021\/02\/PICT0110.jpg\" data-elementor-open-lightbox=\"yes\" data-elementor-lightbox-title=\"Maszyna produkuj\u0105ca\" data-e-action-hash=\"#elementor-action%3Aaction%3Dlightbox%26settings%3DeyJpZCI6NDY3LCJ1cmwiOiJodHRwczpcL1wvcmF5ZGV4LnBsXC93cC1jb250ZW50XC91cGxvYWRzXC8yMDIxXC8wMlwvUElDVDAxMTAuanBnIn0%3D\">\n\t\t\t\t\t\t\t<img fetchpriority=\"high\" decoding=\"async\" width=\"525\" height=\"394\" src=\"https:\/\/raydex.pl\/wp-content\/uploads\/2021\/02\/PICT0110-1024x768.jpg\" class=\"attachment-large size-large wp-image-467\" alt=\"\" srcset=\"https:\/\/raydex.pl\/wp-content\/uploads\/2021\/02\/PICT0110-1024x768.jpg 1024w, https:\/\/raydex.pl\/wp-content\/uploads\/2021\/02\/PICT0110-300x225.jpg 300w, https:\/\/raydex.pl\/wp-content\/uploads\/2021\/02\/PICT0110-768x576.jpg 768w, https:\/\/raydex.pl\/wp-content\/uploads\/2021\/02\/PICT0110-1536x1152.jpg 1536w, https:\/\/raydex.pl\/wp-content\/uploads\/2021\/02\/PICT0110.jpg 2048w\" sizes=\"100vw\" \/>\t\t\t\t\t\t\t\t<\/a>\n\t\t\t\t\t\t\t\t\t\t\t\t\t\t\t<\/div>\n\t\t\t\t<\/div>\n\t\t\t\t\t<\/div>\n\t\t<\/div>\n\t\t\t\t\t\t\t<\/div>\n\t\t<\/section>\n\t\t\t\t\t\t\t<\/div>\n\t\t","protected":false},"excerpt":{"rendered":"<p>Zam\u00f3wienia na produkty wykonane wg specyfikacji klienta ( OEM ) OEM ( Original Equipment Manufacturer ) to firma sprzedaj\u0105ca pod w\u0142asn\u0105 mark\u0105 produkty wytworzone przez inn\u0105 firm\u0119. OEM nie zawsze jest wytw\u00f3rc\u0105 ( czy producentem ), lecz cz\u0119sto tylko sprzedawc\u0105 sprz\u0119tu dla odbiorcy ko\u0144cowego, cho\u0107 bywa cz\u0119sto jego projektantem.&nbsp;OEM jedynie firmuje produkty, umieszcza na nich &hellip; <\/p>\n<p class=\"link-more\"><a href=\"https:\/\/raydex.pl\/index.php\/zamowienia-oem\/\" class=\"more-link\">Czytaj dalej<span class=\"screen-reader-text\"> \u201eZam\u00f3wienia OEM\u201d<\/span><\/a><\/p>\n","protected":false},"author":1,"featured_media":0,"parent":0,"menu_order":0,"comment_status":"closed","ping_status":"closed","template":"","meta":{"footnotes":""},"class_list":["post-198","page","type-page","status-publish","hentry"],"_links":{"self":[{"href":"https:\/\/raydex.pl\/index.php\/wp-json\/wp\/v2\/pages\/198","targetHints":{"allow":["GET"]}}],"collection":[{"href":"https:\/\/raydex.pl\/index.php\/wp-json\/wp\/v2\/pages"}],"about":[{"href":"https:\/\/raydex.pl\/index.php\/wp-json\/wp\/v2\/types\/page"}],"author":[{"embeddable":true,"href":"https:\/\/raydex.pl\/index.php\/wp-json\/wp\/v2\/users\/1"}],"replies":[{"embeddable":true,"href":"https:\/\/raydex.pl\/index.php\/wp-json\/wp\/v2\/comments?post=198"}],"version-history":[{"count":7,"href":"https:\/\/raydex.pl\/index.php\/wp-json\/wp\/v2\/pages\/198\/revisions"}],"predecessor-version":[{"id":560,"href":"https:\/\/raydex.pl\/index.php\/wp-json\/wp\/v2\/pages\/198\/revisions\/560"}],"wp:attachment":[{"href":"https:\/\/raydex.pl\/index.php\/wp-json\/wp\/v2\/media?parent=198"}],"curies":[{"name":"wp","href":"https:\/\/api.w.org\/{rel}","templated":true}]}}