{"id":20,"date":"2021-01-27T12:44:20","date_gmt":"2021-01-27T11:44:20","guid":{"rendered":"http:\/\/raydex.pl\/?page_id=20"},"modified":"2021-03-26T16:42:15","modified_gmt":"2021-03-26T15:42:15","slug":"strona-glowna","status":"publish","type":"page","link":"https:\/\/raydex.pl\/","title":{"rendered":"Strona g\u0142\u00f3wna"},"content":{"rendered":"\t\t<div data-elementor-type=\"wp-page\" data-elementor-id=\"20\" class=\"elementor elementor-20\">\n\t\t\t\t\t\t\t\t\t<section class=\"elementor-section elementor-top-section elementor-element elementor-element-5791ff34 elementor-section-boxed elementor-section-height-default elementor-section-height-default\" data-id=\"5791ff34\" data-element_type=\"section\">\n\t\t\t\t\t\t<div class=\"elementor-container elementor-column-gap-default\">\n\t\t\t\t\t<div class=\"elementor-column elementor-col-100 elementor-top-column elementor-element elementor-element-115e14bf\" data-id=\"115e14bf\" data-element_type=\"column\">\n\t\t\t<div class=\"elementor-widget-wrap elementor-element-populated\">\n\t\t\t\t\t\t\t\t<div class=\"elementor-element elementor-element-87ffecb elementor-widget elementor-widget-heading\" data-id=\"87ffecb\" data-element_type=\"widget\" data-widget_type=\"heading.default\">\n\t\t\t\t<div class=\"elementor-widget-container\">\n\t\t\t<h2 class=\"elementor-heading-title elementor-size-default\">Kable i przewody telekomunikacyjne RAYDEX<\/h2>\t\t<\/div>\n\t\t\t\t<\/div>\n\t\t\t\t\t<\/div>\n\t\t<\/div>\n\t\t\t\t\t\t\t<\/div>\n\t\t<\/section>\n\t\t\t\t<section class=\"elementor-section elementor-top-section elementor-element elementor-element-c3e334b elementor-section-boxed elementor-section-height-default elementor-section-height-default\" data-id=\"c3e334b\" data-element_type=\"section\">\n\t\t\t\t\t\t<div class=\"elementor-container elementor-column-gap-default\">\n\t\t\t\t\t<div class=\"elementor-column elementor-col-100 elementor-top-column elementor-element elementor-element-10a6362\" data-id=\"10a6362\" data-element_type=\"column\">\n\t\t\t<div class=\"elementor-widget-wrap elementor-element-populated\">\n\t\t\t\t\t\t\t\t<div class=\"elementor-element elementor-element-aa1fc77 elementor-arrows-position-inside elementor-pagination-position-outside elementor-widget elementor-widget-image-carousel\" data-id=\"aa1fc77\" data-element_type=\"widget\" data-settings=\"{&quot;slides_to_show&quot;:&quot;1&quot;,&quot;navigation&quot;:&quot;both&quot;,&quot;autoplay&quot;:&quot;yes&quot;,&quot;pause_on_hover&quot;:&quot;yes&quot;,&quot;pause_on_interaction&quot;:&quot;yes&quot;,&quot;autoplay_speed&quot;:5000,&quot;infinite&quot;:&quot;yes&quot;,&quot;effect&quot;:&quot;slide&quot;,&quot;speed&quot;:500}\" data-widget_type=\"image-carousel.default\">\n\t\t\t\t<div class=\"elementor-widget-container\">\n\t\t\t\t\t<div class=\"elementor-image-carousel-wrapper swiper-container\" dir=\"ltr\">\n\t\t\t<div class=\"elementor-image-carousel swiper-wrapper swiper-image-stretch\" aria-live=\"off\">\n\t\t\t\t\t\t\t\t<div class=\"swiper-slide\" role=\"group\" aria-roledescription=\"slide\" aria-label=\"1 of 6\"><figure class=\"swiper-slide-inner\"><img decoding=\"async\" class=\"swiper-slide-image\" src=\"https:\/\/raydex.pl\/wp-content\/uploads\/2021\/02\/DSC02728-scaled-e1612969407256.jpg\" alt=\"Pr\u00f3bka skr\u0119tki\" \/><\/figure><\/div><div class=\"swiper-slide\" role=\"group\" aria-roledescription=\"slide\" aria-label=\"2 of 6\"><figure class=\"swiper-slide-inner\"><img decoding=\"async\" class=\"swiper-slide-image\" src=\"https:\/\/raydex.pl\/wp-content\/uploads\/2021\/01\/teleinformatyka.jpg\" alt=\"teleinformatyka\" \/><\/figure><\/div><div class=\"swiper-slide\" role=\"group\" aria-roledescription=\"slide\" aria-label=\"3 of 6\"><figure class=\"swiper-slide-inner\"><img decoding=\"async\" class=\"swiper-slide-image\" src=\"https:\/\/raydex.pl\/wp-content\/uploads\/2021\/02\/DSC02635--scaled-e1612969498344.jpg\" alt=\"SONY DSC\" \/><\/figure><\/div><div class=\"swiper-slide\" role=\"group\" aria-roledescription=\"slide\" aria-label=\"4 of 6\"><figure class=\"swiper-slide-inner\"><img decoding=\"async\" class=\"swiper-slide-image\" src=\"https:\/\/raydex.pl\/wp-content\/uploads\/2021\/01\/ELEKTRONIKA.jpg\" alt=\"Optic cable connected to a single patch panel.\" \/><\/figure><\/div><div class=\"swiper-slide\" role=\"group\" aria-roledescription=\"slide\" aria-label=\"5 of 6\"><figure class=\"swiper-slide-inner\"><img decoding=\"async\" class=\"swiper-slide-image\" src=\"https:\/\/raydex.pl\/wp-content\/uploads\/2021\/02\/SATEC_przewody-glosnikowe-Kopia-e1612970030212.jpg\" alt=\"MINOLTA DIGITAL CAMERA\" \/><\/figure><\/div><div class=\"swiper-slide\" role=\"group\" aria-roledescription=\"slide\" aria-label=\"6 of 6\"><figure class=\"swiper-slide-inner\"><img decoding=\"async\" class=\"swiper-slide-image\" src=\"https:\/\/raydex.pl\/wp-content\/uploads\/2021\/01\/CCTV-TV-OBSERWACYJNA.jpg\" alt=\"Security cctv cameras in front of blue sky\" \/><\/figure><\/div>\t\t\t<\/div>\n\t\t\t\t\t\t\t\t\t\t\t\t<div class=\"elementor-swiper-button elementor-swiper-button-prev\" role=\"button\" tabindex=\"0\">\n\t\t\t\t\t\t<i aria-hidden=\"true\" class=\"eicon-chevron-left\"><\/i>\t\t\t\t\t<\/div>\n\t\t\t\t\t<div class=\"elementor-swiper-button elementor-swiper-button-next\" role=\"button\" tabindex=\"0\">\n\t\t\t\t\t\t<i aria-hidden=\"true\" class=\"eicon-chevron-right\"><\/i>\t\t\t\t\t<\/div>\n\t\t\t\t\n\t\t\t\t\t\t\t\t\t<div class=\"swiper-pagination\"><\/div>\n\t\t\t\t\t\t\t\t\t<\/div>\n\t\t\t\t<\/div>\n\t\t\t\t<\/div>\n\t\t\t\t\t<\/div>\n\t\t<\/div>\n\t\t\t\t\t\t\t<\/div>\n\t\t<\/section>\n\t\t\t\t<section class=\"elementor-section elementor-top-section elementor-element elementor-element-8e86a1f elementor-section-boxed elementor-section-height-default elementor-section-height-default\" data-id=\"8e86a1f\" data-element_type=\"section\">\n\t\t\t\t\t\t<div class=\"elementor-container elementor-column-gap-default\">\n\t\t\t\t\t<div class=\"elementor-column elementor-col-100 elementor-top-column elementor-element elementor-element-120bbc8\" data-id=\"120bbc8\" data-element_type=\"column\">\n\t\t\t<div class=\"elementor-widget-wrap elementor-element-populated\">\n\t\t\t\t\t\t\t\t<div class=\"elementor-element elementor-element-7f037a6 elementor-widget elementor-widget-text-editor\" data-id=\"7f037a6\" data-element_type=\"widget\" data-widget_type=\"text-editor.default\">\n\t\t\t\t<div class=\"elementor-widget-container\">\n\t\t\t\t\t\t\t<p>\u00a0<\/p><p><span style=\"color: #ffffff;\">Marka RAYDEX jest od wielu lat obecna i dobrze znana na rynku kabli i przewod\u00f3w stosowanych w szeroko poj\u0119tej teleinformatyce, telewizji, radiokomunikacji i innych dziedzinach zwi\u0105zanych z telekomunikacj\u0105. \u00a0Dba\u0142o\u015b\u0107 o wysok\u0105 jako\u015b\u0107, nowoczesna technologia oraz bardzo dobre parametry s\u0105 priorytetem w naszych dzia\u0142aniach. Stosuj\u0105c kable i przewody naszej marki mo\u017cecie Pa\u0144stwo zawsze liczy\u0107 na:<\/span><\/p><p><span style=\"color: #ffffff;\">&#8211; najwy\u017csz\u0105 jako\u015b\u0107<\/span><br \/><span style=\"color: #ffffff;\">&#8211; bardzo dobre parametry<\/span><br \/><span style=\"color: #ffffff;\">&#8211; szeroki asortyment, dost\u0119pny bezpo\u015brednio z magazynu w centralnej Polsce<\/span><br \/><span style=\"color: #ffffff;\">&#8211; szybk\u0105 dostaw\u0119 na terenie ca\u0142ego kraju<\/span><br \/><span style=\"color: #ffffff;\">&#8211; atrakcyjne ceny<\/span><br \/><span style=\"color: #ffffff;\">&#8211; funkcjonalne i estetyczne opakowania<\/span><br \/><span style=\"color: #ffffff;\">&#8211; mo\u017cliwo\u015b\u0107 produkcji przewod\u00f3w wg specyfikacji odbiorcy ( OEM )<\/span><\/p><p><span style=\"color: #ffffff;\">Nasze starania aby marka RAYDEX kojarzy\u0142a si\u0119 produktami najwy\u017cszej jako\u015bci od wielu lat \u00a0znajduje uznanie profesjonalist\u00f3w w kraju i za granic\u0105. Osoby kt\u00f3re zetkn\u0119\u0142y si\u0119 z naszymi przewodami wiedz\u0105, \u017ce najwy\u017csze standardy i najnowocze\u015bniejsze technologie stosowane w naszych produktach id\u0105 w parze z atrakcyjnymi cenami produkt\u00f3w. RAYDEX jest mark\u0105 przewod\u00f3w i kabli firmy SATEC.<\/span><\/p>\t\t\t\t\t\t<\/div>\n\t\t\t\t<\/div>\n\t\t\t\t\t<\/div>\n\t\t<\/div>\n\t\t\t\t\t\t\t<\/div>\n\t\t<\/section>\n\t\t\t\t\t\t\t<\/div>\n\t\t","protected":false},"excerpt":{"rendered":"<p>Kable i przewody telekomunikacyjne RAYDEX Poprzednie Nast\u0119pne \u00a0 Marka RAYDEX jest od wielu lat obecna i dobrze znana na rynku kabli i przewod\u00f3w stosowanych w szeroko poj\u0119tej teleinformatyce, telewizji, radiokomunikacji i innych dziedzinach zwi\u0105zanych z telekomunikacj\u0105. \u00a0Dba\u0142o\u015b\u0107 o wysok\u0105 jako\u015b\u0107, nowoczesna technologia oraz bardzo dobre parametry s\u0105 priorytetem w naszych dzia\u0142aniach. Stosuj\u0105c kable i przewody &hellip; <\/p>\n<p class=\"link-more\"><a href=\"https:\/\/raydex.pl\/\" class=\"more-link\">Czytaj dalej<span class=\"screen-reader-text\"> \u201eStrona g\u0142\u00f3wna\u201d<\/span><\/a><\/p>\n","protected":false},"author":1,"featured_media":0,"parent":0,"menu_order":0,"comment_status":"closed","ping_status":"closed","template":"elementor_header_footer","meta":{"footnotes":""},"class_list":["post-20","page","type-page","status-publish","hentry"],"_links":{"self":[{"href":"https:\/\/raydex.pl\/index.php\/wp-json\/wp\/v2\/pages\/20","targetHints":{"allow":["GET"]}}],"collection":[{"href":"https:\/\/raydex.pl\/index.php\/wp-json\/wp\/v2\/pages"}],"about":[{"href":"https:\/\/raydex.pl\/index.php\/wp-json\/wp\/v2\/types\/page"}],"author":[{"embeddable":true,"href":"https:\/\/raydex.pl\/index.php\/wp-json\/wp\/v2\/users\/1"}],"replies":[{"embeddable":true,"href":"https:\/\/raydex.pl\/index.php\/wp-json\/wp\/v2\/comments?post=20"}],"version-history":[{"count":85,"href":"https:\/\/raydex.pl\/index.php\/wp-json\/wp\/v2\/pages\/20\/revisions"}],"predecessor-version":[{"id":634,"href":"https:\/\/raydex.pl\/index.php\/wp-json\/wp\/v2\/pages\/20\/revisions\/634"}],"wp:attachment":[{"href":"https:\/\/raydex.pl\/index.php\/wp-json\/wp\/v2\/media?parent=20"}],"curies":[{"name":"wp","href":"https:\/\/api.w.org\/{rel}","templated":true}]}}