{"id":21,"date":"2021-01-27T12:44:20","date_gmt":"2021-01-27T11:44:20","guid":{"rendered":"http:\/\/raydex.pl\/?page_id=21"},"modified":"2021-02-15T13:17:20","modified_gmt":"2021-02-15T12:17:20","slug":"o-firmie","status":"publish","type":"page","link":"https:\/\/raydex.pl\/index.php\/o-firmie\/","title":{"rendered":"O firmie"},"content":{"rendered":"\t\t<div data-elementor-type=\"wp-page\" data-elementor-id=\"21\" class=\"elementor elementor-21\">\n\t\t\t\t\t\t\t\t\t<section class=\"elementor-section elementor-top-section elementor-element elementor-element-0a83e43 elementor-section-boxed elementor-section-height-default elementor-section-height-default\" data-id=\"0a83e43\" data-element_type=\"section\">\n\t\t\t\t\t\t<div class=\"elementor-container elementor-column-gap-default\">\n\t\t\t\t\t<div class=\"elementor-column elementor-col-100 elementor-top-column elementor-element elementor-element-31369b9\" data-id=\"31369b9\" data-element_type=\"column\">\n\t\t\t<div class=\"elementor-widget-wrap elementor-element-populated\">\n\t\t\t\t\t\t\t\t<div class=\"elementor-element elementor-element-f1741ed elementor-widget elementor-widget-heading\" data-id=\"f1741ed\" data-element_type=\"widget\" data-widget_type=\"heading.default\">\n\t\t\t\t<div class=\"elementor-widget-container\">\n\t\t\t<h2 class=\"elementor-heading-title elementor-size-default\">O NAS<\/h2>\t\t<\/div>\n\t\t\t\t<\/div>\n\t\t\t\t<div class=\"elementor-element elementor-element-2950822 elementor-widget elementor-widget-text-editor\" data-id=\"2950822\" data-element_type=\"widget\" data-widget_type=\"text-editor.default\">\n\t\t\t\t<div class=\"elementor-widget-container\">\n\t\t\t\t\t\t\t<p><span style=\"color: #ffffff;\">Marka RAYDEX jest od wielu lat obecna i dobrze znana na rynku kabli i przewod\u00f3w stosowanych w szeroko poj\u0119tej teleinformatyce, telewizji, radiokomunikacji i innych dziedzinach zwi\u0105zanych z telekomunikacj\u0105. \u00a0Dba\u0142o\u015b\u0107 o wysok\u0105 jako\u015b\u0107, nowoczesna technologia oraz bardzo dobre parametry s\u0105 priorytetem w naszych dzia\u0142aniach. Stosuj\u0105c kable i przewody naszej marki mo\u017cecie Pa\u0144stwo zawsze liczy\u0107 na:<\/span><\/p><p><span style=\"color: #ffffff;\">&#8211; najwy\u017csz\u0105 jako\u015b\u0107<\/span><br \/><span style=\"color: #ffffff;\">&#8211; bardzo dobre parametry<\/span><br \/><span style=\"color: #ffffff;\">&#8211; szeroki asortyment, dost\u0119pny bezpo\u015brednio z magazynu w centralnej Polsce<\/span><br \/><span style=\"color: #ffffff;\">&#8211; szybk\u0105 dostaw\u0119 na terenie ca\u0142ego kraju<\/span><br \/><span style=\"color: #ffffff;\">&#8211; atrakcyjne ceny<\/span><br \/><span style=\"color: #ffffff;\">&#8211; funkcjonalne i estetyczne opakowania<\/span><br \/><span style=\"color: #ffffff;\">&#8211; mo\u017cliwo\u015b\u0107 produkcji przewod\u00f3w wg specyfikacji odbiorcy ( OEM )<\/span><\/p><p><span style=\"color: #ffffff;\">Nasze starania aby marka RAYDEX kojarzy\u0142a si\u0119 produktami najwy\u017cszej jako\u015bci od wielu lat \u00a0znajduje uznanie profesjonalist\u00f3w w kraju i za granic\u0105. Osoby kt\u00f3re zetkn\u0119\u0142y si\u0119 z naszymi przewodami wiedz\u0105, \u017ce najwy\u017csze standardy i najnowocze\u015bniejsze technologie stosowane w naszych produktach id\u0105 w parze z atrakcyjnymi cenami produkt\u00f3w. RAYDEX jest mark\u0105 przewod\u00f3w i kabli firmy SATEC.<\/span><\/p>\t\t\t\t\t\t<\/div>\n\t\t\t\t<\/div>\n\t\t\t\t\t<\/div>\n\t\t<\/div>\n\t\t\t\t\t\t\t<\/div>\n\t\t<\/section>\n\t\t\t\t<section class=\"elementor-section elementor-top-section elementor-element elementor-element-c071918 elementor-section-boxed elementor-section-height-default elementor-section-height-default\" data-id=\"c071918\" data-element_type=\"section\">\n\t\t\t\t\t\t<div class=\"elementor-container elementor-column-gap-default\">\n\t\t\t\t\t<div class=\"elementor-column elementor-col-100 elementor-top-column elementor-element elementor-element-3433d85\" data-id=\"3433d85\" data-element_type=\"column\">\n\t\t\t<div class=\"elementor-widget-wrap elementor-element-populated\">\n\t\t\t\t\t\t\t\t<div class=\"elementor-element elementor-element-4f923b7 elementor-widget elementor-widget-image\" data-id=\"4f923b7\" data-element_type=\"widget\" data-widget_type=\"image.default\">\n\t\t\t\t<div class=\"elementor-widget-container\">\n\t\t\t\t\t\t\t\t\t\t\t\t\t\t\t<img fetchpriority=\"high\" decoding=\"async\" width=\"525\" height=\"394\" src=\"https:\/\/raydex.pl\/wp-content\/uploads\/2021\/01\/Przewod-UTP-cat.-5e_Raydex_box-305m-1024x768.jpg\" class=\"attachment-large size-large wp-image-70\" alt=\"\" srcset=\"https:\/\/raydex.pl\/wp-content\/uploads\/2021\/01\/Przewod-UTP-cat.-5e_Raydex_box-305m-1024x768.jpg 1024w, https:\/\/raydex.pl\/wp-content\/uploads\/2021\/01\/Przewod-UTP-cat.-5e_Raydex_box-305m-300x225.jpg 300w, https:\/\/raydex.pl\/wp-content\/uploads\/2021\/01\/Przewod-UTP-cat.-5e_Raydex_box-305m-768x576.jpg 768w, https:\/\/raydex.pl\/wp-content\/uploads\/2021\/01\/Przewod-UTP-cat.-5e_Raydex_box-305m.jpg 1280w\" sizes=\"100vw\" \/>\t\t\t\t\t\t\t\t\t\t\t\t\t\t\t<\/div>\n\t\t\t\t<\/div>\n\t\t\t\t\t<\/div>\n\t\t<\/div>\n\t\t\t\t\t\t\t<\/div>\n\t\t<\/section>\n\t\t\t\t\t\t\t<\/div>\n\t\t","protected":false},"excerpt":{"rendered":"<p>O NAS Marka RAYDEX jest od wielu lat obecna i dobrze znana na rynku kabli i przewod\u00f3w stosowanych w szeroko poj\u0119tej teleinformatyce, telewizji, radiokomunikacji i innych dziedzinach zwi\u0105zanych z telekomunikacj\u0105. \u00a0Dba\u0142o\u015b\u0107 o wysok\u0105 jako\u015b\u0107, nowoczesna technologia oraz bardzo dobre parametry s\u0105 priorytetem w naszych dzia\u0142aniach. Stosuj\u0105c kable i przewody naszej marki mo\u017cecie Pa\u0144stwo zawsze liczy\u0107 &hellip; <\/p>\n<p class=\"link-more\"><a href=\"https:\/\/raydex.pl\/index.php\/o-firmie\/\" class=\"more-link\">Czytaj dalej<span class=\"screen-reader-text\"> \u201eO firmie\u201d<\/span><\/a><\/p>\n","protected":false},"author":1,"featured_media":0,"parent":0,"menu_order":0,"comment_status":"closed","ping_status":"closed","template":"","meta":{"footnotes":""},"class_list":["post-21","page","type-page","status-publish","hentry"],"_links":{"self":[{"href":"https:\/\/raydex.pl\/index.php\/wp-json\/wp\/v2\/pages\/21","targetHints":{"allow":["GET"]}}],"collection":[{"href":"https:\/\/raydex.pl\/index.php\/wp-json\/wp\/v2\/pages"}],"about":[{"href":"https:\/\/raydex.pl\/index.php\/wp-json\/wp\/v2\/types\/page"}],"author":[{"embeddable":true,"href":"https:\/\/raydex.pl\/index.php\/wp-json\/wp\/v2\/users\/1"}],"replies":[{"embeddable":true,"href":"https:\/\/raydex.pl\/index.php\/wp-json\/wp\/v2\/comments?post=21"}],"version-history":[{"count":25,"href":"https:\/\/raydex.pl\/index.php\/wp-json\/wp\/v2\/pages\/21\/revisions"}],"predecessor-version":[{"id":616,"href":"https:\/\/raydex.pl\/index.php\/wp-json\/wp\/v2\/pages\/21\/revisions\/616"}],"wp:attachment":[{"href":"https:\/\/raydex.pl\/index.php\/wp-json\/wp\/v2\/media?parent=21"}],"curies":[{"name":"wp","href":"https:\/\/api.w.org\/{rel}","templated":true}]}}