{"id":22,"date":"2021-01-27T12:44:20","date_gmt":"2021-01-27T11:44:20","guid":{"rendered":"http:\/\/raydex.pl\/?page_id=22"},"modified":"2021-02-05T16:43:21","modified_gmt":"2021-02-05T15:43:21","slug":"kontakt","status":"publish","type":"page","link":"https:\/\/raydex.pl\/index.php\/kontakt\/","title":{"rendered":"Kontakt"},"content":{"rendered":"\t\t<div data-elementor-type=\"wp-page\" data-elementor-id=\"22\" class=\"elementor elementor-22\">\n\t\t\t\t\t\t\t\t\t<section class=\"elementor-section elementor-top-section elementor-element elementor-element-978abfb elementor-section-boxed elementor-section-height-default elementor-section-height-default\" data-id=\"978abfb\" data-element_type=\"section\">\n\t\t\t\t\t\t<div class=\"elementor-container elementor-column-gap-default\">\n\t\t\t\t\t<div class=\"elementor-column elementor-col-33 elementor-top-column elementor-element elementor-element-3b4b23d\" data-id=\"3b4b23d\" data-element_type=\"column\">\n\t\t\t<div class=\"elementor-widget-wrap elementor-element-populated\">\n\t\t\t\t\t\t\t\t<div class=\"elementor-element elementor-element-eff25a2 elementor-widget elementor-widget-text-editor\" data-id=\"eff25a2\" data-element_type=\"widget\" data-widget_type=\"text-editor.default\">\n\t\t\t\t<div class=\"elementor-widget-container\">\n\t\t\t\t\t\t\t<p><!-- wp:heading --><\/p>\n<h2>\u201c<a href=\"https:\/\/satec.com.pl\/\" target=\"_blank\" rel=\"noreferrer noopener\">SATEC<\/a>\u201d Sp. J.<br \/>Al. Pi\u0142sudskiego 141,<br \/>92-318 \u0141\u00f3d\u017a,\u00a0 Poland<\/h2>\n<p><!-- \/wp:heading --><!-- wp:paragraph --><\/p>\n<p><strong>tel.:<\/strong>\u00a042 637-43-31<br \/><strong>tel.:<\/strong>\u00a042 636-31-17<br \/><strong>tel. kom:<\/strong> 600 219 760,\u00a0 600 321 760<br \/><strong>web:<\/strong> www.raydex.pl\u00a0 \u00a0 \u00a0www.satec.com.pl<br \/><strong>e-mail:<\/strong>\u00a0<a href=\"mailto:%20poczta@satec.com.pl\">poczta@satec.com.pl<\/a><br \/><strong>e-mail:<\/strong>\u00a0<a href=\"mailto:%20satec@satec.com.pl\">satec@satec.com.pl<\/a>\u00a0\u00a0<\/p>\n<p><!-- \/wp:paragraph --><\/p>\t\t\t\t\t\t<\/div>\n\t\t\t\t<\/div>\n\t\t\t\t\t<\/div>\n\t\t<\/div>\n\t\t\t\t<div class=\"elementor-column elementor-col-66 elementor-top-column elementor-element elementor-element-d49c26f\" data-id=\"d49c26f\" data-element_type=\"column\">\n\t\t\t<div class=\"elementor-widget-wrap elementor-element-populated\">\n\t\t\t\t\t\t\t\t<section class=\"elementor-section elementor-inner-section elementor-element elementor-element-b2e0e14 elementor-section-boxed elementor-section-height-default elementor-section-height-default\" data-id=\"b2e0e14\" data-element_type=\"section\">\n\t\t\t\t\t\t<div class=\"elementor-container elementor-column-gap-default\">\n\t\t\t\t\t<div class=\"elementor-column elementor-col-100 elementor-inner-column elementor-element elementor-element-11ee729\" data-id=\"11ee729\" data-element_type=\"column\">\n\t\t\t<div class=\"elementor-widget-wrap elementor-element-populated\">\n\t\t\t\t\t\t\t\t<div class=\"elementor-element elementor-element-0d4395e elementor-widget elementor-widget-google_maps\" data-id=\"0d4395e\" data-element_type=\"widget\" data-widget_type=\"google_maps.default\">\n\t\t\t\t<div class=\"elementor-widget-container\">\n\t\t\t\t\t<div class=\"elementor-custom-embed\">\n\t\t\t<iframe loading=\"lazy\"\n\t\t\t\t\tsrc=\"https:\/\/maps.google.com\/maps?q=satec%20%C5%82%C3%B3d%C5%BA&#038;t=m&#038;z=14&#038;output=embed&#038;iwloc=near\"\n\t\t\t\t\ttitle=\"satec \u0142\u00f3d\u017a\"\n\t\t\t\t\taria-label=\"satec \u0142\u00f3d\u017a\"\n\t\t\t><\/iframe>\n\t\t<\/div>\n\t\t\t\t<\/div>\n\t\t\t\t<\/div>\n\t\t\t\t\t<\/div>\n\t\t<\/div>\n\t\t\t\t\t\t\t<\/div>\n\t\t<\/section>\n\t\t\t\t\t<\/div>\n\t\t<\/div>\n\t\t\t\t\t\t\t<\/div>\n\t\t<\/section>\n\t\t\t\t\t\t\t<\/div>\n\t\t","protected":false},"excerpt":{"rendered":"<p>\u201cSATEC\u201d Sp. J.Al. Pi\u0142sudskiego 141,92-318 \u0141\u00f3d\u017a,\u00a0 Poland tel.:\u00a042 637-43-31tel.:\u00a042 636-31-17tel. kom: 600 219 760,\u00a0 600 321 760web: www.raydex.pl\u00a0 \u00a0 \u00a0www.satec.com.ple-mail:\u00a0poczta@satec.com.ple-mail:\u00a0satec@satec.com.pl\u00a0\u00a0<\/p>\n","protected":false},"author":1,"featured_media":0,"parent":0,"menu_order":0,"comment_status":"closed","ping_status":"closed","template":"elementor_header_footer","meta":{"footnotes":""},"class_list":["post-22","page","type-page","status-publish","hentry"],"_links":{"self":[{"href":"https:\/\/raydex.pl\/index.php\/wp-json\/wp\/v2\/pages\/22","targetHints":{"allow":["GET"]}}],"collection":[{"href":"https:\/\/raydex.pl\/index.php\/wp-json\/wp\/v2\/pages"}],"about":[{"href":"https:\/\/raydex.pl\/index.php\/wp-json\/wp\/v2\/types\/page"}],"author":[{"embeddable":true,"href":"https:\/\/raydex.pl\/index.php\/wp-json\/wp\/v2\/users\/1"}],"replies":[{"embeddable":true,"href":"https:\/\/raydex.pl\/index.php\/wp-json\/wp\/v2\/comments?post=22"}],"version-history":[{"count":20,"href":"https:\/\/raydex.pl\/index.php\/wp-json\/wp\/v2\/pages\/22\/revisions"}],"predecessor-version":[{"id":482,"href":"https:\/\/raydex.pl\/index.php\/wp-json\/wp\/v2\/pages\/22\/revisions\/482"}],"wp:attachment":[{"href":"https:\/\/raydex.pl\/index.php\/wp-json\/wp\/v2\/media?parent=22"}],"curies":[{"name":"wp","href":"https:\/\/api.w.org\/{rel}","templated":true}]}}