{"id":24,"date":"2021-01-27T12:44:20","date_gmt":"2021-01-27T11:44:20","guid":{"rendered":"http:\/\/raydex.pl\/?page_id=24"},"modified":"2021-02-08T11:58:37","modified_gmt":"2021-02-08T10:58:37","slug":"o-raydex","status":"publish","type":"page","link":"https:\/\/raydex.pl\/index.php\/o-raydex\/","title":{"rendered":"O marce RAYDEX"},"content":{"rendered":"\t\t<div data-elementor-type=\"wp-page\" data-elementor-id=\"24\" class=\"elementor elementor-24\">\n\t\t\t\t\t\t\t\t\t<section class=\"elementor-section elementor-top-section elementor-element elementor-element-cad58a6 elementor-section-boxed elementor-section-height-default elementor-section-height-default\" data-id=\"cad58a6\" data-element_type=\"section\">\n\t\t\t\t\t\t<div class=\"elementor-container elementor-column-gap-default\">\n\t\t\t\t\t<div class=\"elementor-column elementor-col-100 elementor-top-column elementor-element elementor-element-1f7c86b5\" data-id=\"1f7c86b5\" data-element_type=\"column\">\n\t\t\t<div class=\"elementor-widget-wrap elementor-element-populated\">\n\t\t\t\t\t\t\t\t<div class=\"elementor-element elementor-element-0660f97 elementor-widget elementor-widget-heading\" data-id=\"0660f97\" data-element_type=\"widget\" data-widget_type=\"heading.default\">\n\t\t\t\t<div class=\"elementor-widget-container\">\n\t\t\t<h2 class=\"elementor-heading-title elementor-size-default\">O MARCE RAYDEX<\/h2>\t\t<\/div>\n\t\t\t\t<\/div>\n\t\t\t\t<div class=\"elementor-element elementor-element-66aa91c5 elementor-widget elementor-widget-text-editor\" data-id=\"66aa91c5\" data-element_type=\"widget\" data-widget_type=\"text-editor.default\">\n\t\t\t\t<div class=\"elementor-widget-container\">\n\t\t\t\t\t\t\t<p><span style=\"color: #ffffff;\">Marka RAYDEX od wielu lat kojarzona jest z\u00a0<span style=\"font-family: 'Libre Franklin', 'Helvetica Neue', helvetica, arial, sans-serif; font-weight: var( --e-global-typography-text-font-weight ); font-size: 1rem;\">najwy\u017cszym \u015bwiatowym poziomem oraz najlepsz\u0105 technologi\u0105 i parametrami produkowanych kabli i przewod\u00f3w.\u00a0<\/span><span style=\"font-family: 'Libre Franklin', 'Helvetica Neue', helvetica, arial, sans-serif; font-weight: var( --e-global-typography-text-font-weight ); font-size: 1rem;\">\u00a0<\/span><span style=\"font-family: 'Libre Franklin', 'Helvetica Neue', helvetica, arial, sans-serif; font-weight: var( --e-global-typography-text-font-weight ); font-size: 1rem;\">Ci, kt\u00f3rzy zetkn\u0119li si\u0119 z naszymi przewodami wiedz\u0105, \u017ce najwy\u017csze standardy i najnowocze\u015bniejsze technologie stosowane w naszych produktach nie musz\u0105 by\u0107 drogie.\u00a0<\/span><\/span><\/p><p style=\"box-sizing: inherit; color: #eeeeee; font-family: 'Libre Franklin', 'Helvetica Neue', helvetica, arial, sans-serif;\"><span style=\"color: #ffffff;\">Cele jakie stawiamy przed sob\u0105 to:<br \/><\/span><span style=\"color: #ffffff; font-weight: var( --e-global-typography-text-font-weight ); font-size: 1rem;\">\u2013 dba\u0142o\u015b\u0107 o najwy\u017csz\u0105 jako\u015b\u0107<br \/><\/span><span style=\"color: #ffffff; font-weight: var( --e-global-typography-text-font-weight ); font-size: 1rem;\">\u2013 znakomite parametry przewod\u00f3w<br \/><\/span><span style=\"color: #ffffff; font-weight: var( --e-global-typography-text-font-weight ); font-size: 1rem;\">\u2013 atrakcyjne ceny<br \/><\/span><span style=\"color: #ffffff; font-weight: var( --e-global-typography-text-font-weight ); font-size: 1rem;\">\u2013 szeroki asortyment, dost\u0119pny z magazynu<br \/><\/span><span style=\"color: #ffffff; font-weight: var( --e-global-typography-text-font-weight ); font-size: 1rem;\">\u2013 szybka dostawa na terenie ca\u0142ego kraju<br \/><\/span><span style=\"color: #ffffff; font-weight: var( --e-global-typography-text-font-weight ); font-size: 1rem;\">\u2013 solidne i estetyczne opakowania kabli<br \/><\/span><span style=\"color: #ffffff; font-weight: var( --e-global-typography-text-font-weight ); font-size: 1rem;\">\u2013 atrakcyjne warunki dla odbiorc\u00f3w<br \/><\/span><span style=\"color: #ffffff; font-weight: var( --e-global-typography-text-font-weight ); font-size: 1rem;\">\u2013 mo\u017cliwo\u015b\u0107 wykonania przewod\u00f3w wg specyfikacji klient\u00f3w<\/span><\/p><p style=\"box-sizing: inherit; color: #eeeeee; font-family: 'Libre Franklin', 'Helvetica Neue', helvetica, arial, sans-serif;\"><span style=\"color: #ffffff;\">Nasze bezkompromisowe podej\u015bcie do tego co oferujemy zawsze znajduje uznanie, przekona\u0142o si\u0119 o tym wielu naszych klient\u00f3w w kraju i za granic\u0105 \u2013 dlatego zawsze wracaj\u0105 po nasze produkty.<\/span><\/p><p style=\"box-sizing: inherit; color: #eeeeee; font-family: 'Libre Franklin', 'Helvetica Neue', helvetica, arial, sans-serif;\"><span style=\"color: #ffffff;\">Marka RAYDEX obejmuje wybran\u0105 ofert\u0119 produktow\u0105 firmy SATEC<\/span><\/p>\t\t\t\t\t\t<\/div>\n\t\t\t\t<\/div>\n\t\t\t\t\t<\/div>\n\t\t<\/div>\n\t\t\t\t\t\t\t<\/div>\n\t\t<\/section>\n\t\t\t\t\t\t\t<\/div>\n\t\t","protected":false},"excerpt":{"rendered":"<p>O MARCE RAYDEX Marka RAYDEX od wielu lat kojarzona jest z\u00a0najwy\u017cszym \u015bwiatowym poziomem oraz najlepsz\u0105 technologi\u0105 i parametrami produkowanych kabli i przewod\u00f3w.\u00a0\u00a0Ci, kt\u00f3rzy zetkn\u0119li si\u0119 z naszymi przewodami wiedz\u0105, \u017ce najwy\u017csze standardy i najnowocze\u015bniejsze technologie stosowane w naszych produktach nie musz\u0105 by\u0107 drogie.\u00a0 Cele jakie stawiamy przed sob\u0105 to:\u2013 dba\u0142o\u015b\u0107 o najwy\u017csz\u0105 jako\u015b\u0107\u2013 znakomite parametry &hellip; <\/p>\n<p class=\"link-more\"><a href=\"https:\/\/raydex.pl\/index.php\/o-raydex\/\" class=\"more-link\">Czytaj dalej<span class=\"screen-reader-text\"> \u201eO marce RAYDEX\u201d<\/span><\/a><\/p>\n","protected":false},"author":1,"featured_media":0,"parent":0,"menu_order":0,"comment_status":"closed","ping_status":"closed","template":"","meta":{"footnotes":""},"class_list":["post-24","page","type-page","status-publish","hentry"],"_links":{"self":[{"href":"https:\/\/raydex.pl\/index.php\/wp-json\/wp\/v2\/pages\/24","targetHints":{"allow":["GET"]}}],"collection":[{"href":"https:\/\/raydex.pl\/index.php\/wp-json\/wp\/v2\/pages"}],"about":[{"href":"https:\/\/raydex.pl\/index.php\/wp-json\/wp\/v2\/types\/page"}],"author":[{"embeddable":true,"href":"https:\/\/raydex.pl\/index.php\/wp-json\/wp\/v2\/users\/1"}],"replies":[{"embeddable":true,"href":"https:\/\/raydex.pl\/index.php\/wp-json\/wp\/v2\/comments?post=24"}],"version-history":[{"count":21,"href":"https:\/\/raydex.pl\/index.php\/wp-json\/wp\/v2\/pages\/24\/revisions"}],"predecessor-version":[{"id":518,"href":"https:\/\/raydex.pl\/index.php\/wp-json\/wp\/v2\/pages\/24\/revisions\/518"}],"wp:attachment":[{"href":"https:\/\/raydex.pl\/index.php\/wp-json\/wp\/v2\/media?parent=24"}],"curies":[{"name":"wp","href":"https:\/\/api.w.org\/{rel}","templated":true}]}}